{"id":86,"date":"2021-05-06T22:55:34","date_gmt":"2021-05-06T22:55:34","guid":{"rendered":"https:\/\/macedogalvao.com.br\/?page_id=86"},"modified":"2021-05-06T23:05:25","modified_gmt":"2021-05-06T23:05:25","slug":"noticias","status":"publish","type":"page","link":"https:\/\/macedogalvao.com.br\/?page_id=86","title":{"rendered":"noticias"},"content":{"rendered":"\n\n\t<p>NOT\u00cdCIAS<\/p>\n\t\t\t<a href=\"https:\/\/macedogalvao.com.br\/?p=84\"><\/a>\n\t<meta itemscope itemprop=\"mainEntityOfPage\" itemtype=\"https:\/\/schema.org\/WebPage\" itemid=\"https:\/\/macedogalvao.com.br\/?p=84\" content=\"A REFORMA TRABALHISTA E O DIREITO INTERTEMPORAL NA VIS\u00c3O DO STF\" \/><meta itemprop=\"datePublished\" content=\"2021-05-06\" \/><meta itemprop=\"dateModified\" content=\"2021-05-06\" \/><meta itemprop=\"name\" content=\"Macedo, Galv\u00e3o e Associados\"\/><meta itemprop=\"url\" content=\"https:\/\/macedogalvao.com.br\/?author=1\" \/><meta itemprop=\"name\" content=\"suporte_krho7ju1\" \/><meta itemprop=\"url\" content=\"https:\/\/macedogalvao.com.br\/wp-content\/uploads\/2021\/05\/blog-img.jpg\" \/><meta itemprop=\"width\" content=\"868\" \/><meta itemprop=\"height\" content=\"442\" \/><meta itemprop=\"interactionType\" content=\"http:\/\/schema.org\/CommentAction\" \/><meta itemprop=\"userInteractionCount\" content=\"0\" \/>\n\t\t\t\t<img loading=\"lazy\" decoding=\"async\" src=\"https:\/\/macedogalvao.com.br\/wp-content\/uploads\/2021\/05\/blog-img.jpg\" alt=\"blog-img\" itemprop=\"image\" data-no-lazy=\"1\" height=\"442\" width=\"868\" title=\"blog-img\" onerror=\"this.style.display='none'\"  \/>\n        maio\n        06\n\t\t\t\t\t\t\t<h4 itemprop=\"headline\">\n\t\t\t\t\t\t\t\t\t\t\t\tA REFORMA TRABALHISTA E O DIREITO INTERTEMPORAL NA VIS\u00c3O DO STF\t\t\t\t\t\t\t\t\t<\/h4>\n\t\t\t<a href=\"https:\/\/macedogalvao.com.br\/?p=82\"><\/a>\n\t<meta itemscope itemprop=\"mainEntityOfPage\" itemtype=\"https:\/\/schema.org\/WebPage\" itemid=\"https:\/\/macedogalvao.com.br\/?p=82\" content=\"MIN. BRAND\u00c3O: IMPACTOS DA REFORMA NA JURISPRUD\u00caNCIA DO TST\" \/><meta itemprop=\"datePublished\" content=\"2021-05-06\" \/><meta itemprop=\"dateModified\" content=\"2021-05-06\" \/><meta itemprop=\"name\" content=\"Macedo, Galv\u00e3o e Associados\"\/><meta itemprop=\"url\" content=\"https:\/\/macedogalvao.com.br\/?author=1\" \/><meta itemprop=\"name\" content=\"suporte_krho7ju1\" \/><meta itemprop=\"url\" content=\"https:\/\/macedogalvao.com.br\/wp-content\/uploads\/2021\/05\/blog-img.jpg\" \/><meta itemprop=\"width\" content=\"868\" \/><meta itemprop=\"height\" content=\"442\" \/><meta itemprop=\"interactionType\" content=\"http:\/\/schema.org\/CommentAction\" \/><meta itemprop=\"userInteractionCount\" content=\"0\" \/>\n\t\t\t\t<img loading=\"lazy\" decoding=\"async\" src=\"https:\/\/macedogalvao.com.br\/wp-content\/uploads\/2021\/05\/blog-img.jpg\" alt=\"blog-img\" itemprop=\"image\" data-no-lazy=\"1\" height=\"442\" width=\"868\" title=\"blog-img\" onerror=\"this.style.display='none'\"  \/>\n        maio\n        06\n\t\t\t\t\t\t\t<h4 itemprop=\"headline\">\n\t\t\t\t\t\t\t\t\t\t\t\tMIN. BRAND\u00c3O: IMPACTOS DA REFORMA NA JURISPRUD\u00caNCIA DO TST\t\t\t\t\t\t\t\t\t<\/h4>\n\t\t\t<a href=\"https:\/\/macedogalvao.com.br\/?p=80\"><\/a>\n\t<meta itemscope itemprop=\"mainEntityOfPage\" itemtype=\"https:\/\/schema.org\/WebPage\" itemid=\"https:\/\/macedogalvao.com.br\/?p=80\" content=\"TST MODULA OBRIGA\u00c7\u00c3O DE DONO DE OBRA A RESPONDER POR DIREITOS DE TERCEIRIZADOS\" \/><meta itemprop=\"datePublished\" content=\"2021-05-06\" \/><meta itemprop=\"dateModified\" content=\"2021-05-06\" \/><meta itemprop=\"name\" content=\"Macedo, Galv\u00e3o e Associados\"\/><meta itemprop=\"url\" content=\"https:\/\/macedogalvao.com.br\/?author=1\" \/><meta itemprop=\"name\" content=\"suporte_krho7ju1\" \/><meta itemprop=\"url\" content=\"https:\/\/macedogalvao.com.br\/wp-content\/uploads\/2021\/05\/blog-img.jpg\" \/><meta itemprop=\"width\" content=\"868\" \/><meta itemprop=\"height\" content=\"442\" \/><meta itemprop=\"interactionType\" content=\"http:\/\/schema.org\/CommentAction\" \/><meta itemprop=\"userInteractionCount\" content=\"0\" \/>\n\t\t\t\t<img loading=\"lazy\" decoding=\"async\" src=\"https:\/\/macedogalvao.com.br\/wp-content\/uploads\/2021\/05\/blog-img.jpg\" alt=\"blog-img\" itemprop=\"image\" data-no-lazy=\"1\" height=\"442\" width=\"868\" title=\"blog-img\" onerror=\"this.style.display='none'\"  \/>\n        maio\n        06\n\t\t\t\t\t\t\t<h4 itemprop=\"headline\">\n\t\t\t\t\t\t\t\t\t\t\t\tTST MODULA OBRIGA\u00c7\u00c3O DE DONO DE OBRA A RESPONDER POR DIREITOS DE TERCEIRIZADOS\t\t\t\t\t\t\t\t\t<\/h4>\n\t\t\t<a href=\"https:\/\/macedogalvao.com.br\/?p=78\"><\/a>\n\t<meta itemscope itemprop=\"mainEntityOfPage\" itemtype=\"https:\/\/schema.org\/WebPage\" itemid=\"https:\/\/macedogalvao.com.br\/?p=78\" content=\"TST - SUPERVISOR QUE USAVA CARRO FORNECIDO PELA EMPRESA N\u00c3O RECEBER\u00c1 HORAS DE DESLOCAMENTO\" \/><meta itemprop=\"datePublished\" content=\"2021-05-06\" \/><meta itemprop=\"dateModified\" content=\"2021-05-06\" \/><meta itemprop=\"name\" content=\"Macedo, Galv\u00e3o e Associados\"\/><meta itemprop=\"url\" content=\"https:\/\/macedogalvao.com.br\/?author=1\" \/><meta itemprop=\"name\" content=\"suporte_krho7ju1\" \/><meta itemprop=\"url\" content=\"https:\/\/macedogalvao.com.br\/wp-content\/uploads\/2021\/05\/blog-img.jpg\" \/><meta itemprop=\"width\" content=\"868\" \/><meta itemprop=\"height\" content=\"442\" \/><meta itemprop=\"interactionType\" content=\"http:\/\/schema.org\/CommentAction\" \/><meta itemprop=\"userInteractionCount\" content=\"0\" \/>\n\t\t\t\t<img loading=\"lazy\" decoding=\"async\" src=\"https:\/\/macedogalvao.com.br\/wp-content\/uploads\/2021\/05\/blog-img.jpg\" alt=\"blog-img\" itemprop=\"image\" data-no-lazy=\"1\" height=\"442\" width=\"868\" title=\"blog-img\" onerror=\"this.style.display='none'\"  \/>\n        maio\n        06\n\t\t\t\t\t\t\t<h4 itemprop=\"headline\">\n\t\t\t\t\t\t\t\t\t\t\t\tTST &#8211; SUPERVISOR QUE USAVA CARRO FORNECIDO PELA EMPRESA N\u00c3O RECEBER\u00c1 HORAS DE DESLOCAMENTO\t\t\t\t\t\t\t\t\t<\/h4>\n\t\t\t<a href=\"https:\/\/macedogalvao.com.br\/?p=76\"><\/a>\n\t<meta itemscope itemprop=\"mainEntityOfPage\" itemtype=\"https:\/\/schema.org\/WebPage\" itemid=\"https:\/\/macedogalvao.com.br\/?p=76\" content=\"TST - RETIRADA PENHORA DE BEM DE FAM\u00cdLIA QUE N\u00c3O ERA RESID\u00caNCIA DOS PROPRIET\u00c1RIOS\" \/><meta itemprop=\"datePublished\" content=\"2021-05-06\" \/><meta itemprop=\"dateModified\" content=\"2021-05-06\" \/><meta itemprop=\"name\" content=\"Macedo, Galv\u00e3o e Associados\"\/><meta itemprop=\"url\" content=\"https:\/\/macedogalvao.com.br\/?author=1\" \/><meta itemprop=\"name\" content=\"suporte_krho7ju1\" \/><meta itemprop=\"url\" content=\"https:\/\/macedogalvao.com.br\/wp-content\/uploads\/2021\/05\/blog-img.jpg\" \/><meta itemprop=\"width\" content=\"868\" \/><meta itemprop=\"height\" content=\"442\" \/><meta itemprop=\"interactionType\" content=\"http:\/\/schema.org\/CommentAction\" \/><meta itemprop=\"userInteractionCount\" content=\"0\" \/>\n\t\t\t\t<img loading=\"lazy\" decoding=\"async\" src=\"https:\/\/macedogalvao.com.br\/wp-content\/uploads\/2021\/05\/blog-img.jpg\" alt=\"blog-img\" itemprop=\"image\" data-no-lazy=\"1\" height=\"442\" width=\"868\" title=\"blog-img\" onerror=\"this.style.display='none'\"  \/>\n        maio\n        06\n\t\t\t\t\t\t\t<h4 itemprop=\"headline\">\n\t\t\t\t\t\t\t\t\t\t\t\tTST &#8211; RETIRADA PENHORA DE BEM DE FAM\u00cdLIA QUE N\u00c3O ERA RESID\u00caNCIA DOS PROPRIET\u00c1RIOS\t\t\t\t\t\t\t\t\t<\/h4>\n\t\t\t<a href=\"https:\/\/macedogalvao.com.br\/?p=74\"><\/a>\n\t<meta itemscope itemprop=\"mainEntityOfPage\" itemtype=\"https:\/\/schema.org\/WebPage\" itemid=\"https:\/\/macedogalvao.com.br\/?p=74\" content=\"ARMAZENAMENTO DE COMBUST\u00cdVEL EM SUBSOLO DE PR\u00c9DIO CARACTERIZA PERICULOSIDADE\" \/><meta itemprop=\"datePublished\" content=\"2021-05-06\" \/><meta itemprop=\"dateModified\" content=\"2021-05-06\" \/><meta itemprop=\"name\" content=\"Macedo, Galv\u00e3o e Associados\"\/><meta itemprop=\"url\" content=\"https:\/\/macedogalvao.com.br\/?author=1\" \/><meta itemprop=\"name\" content=\"suporte_krho7ju1\" \/><meta itemprop=\"url\" content=\"https:\/\/macedogalvao.com.br\/wp-content\/uploads\/2021\/05\/blog-img.jpg\" \/><meta itemprop=\"width\" content=\"868\" \/><meta itemprop=\"height\" content=\"442\" \/><meta itemprop=\"interactionType\" content=\"http:\/\/schema.org\/CommentAction\" \/><meta itemprop=\"userInteractionCount\" content=\"0\" \/>\n\t\t\t\t<img loading=\"lazy\" decoding=\"async\" src=\"https:\/\/macedogalvao.com.br\/wp-content\/uploads\/2021\/05\/blog-img.jpg\" alt=\"blog-img\" itemprop=\"image\" data-no-lazy=\"1\" height=\"442\" width=\"868\" title=\"blog-img\" onerror=\"this.style.display='none'\"  \/>\n        maio\n        06\n\t\t\t\t\t\t\t<h4 itemprop=\"headline\">\n\t\t\t\t\t\t\t\t\t\t\t\tARMAZENAMENTO DE COMBUST\u00cdVEL EM SUBSOLO DE PR\u00c9DIO CARACTERIZA PERICULOSIDADE\t\t\t\t\t\t\t\t\t<\/h4>\n\t\t\t<a href=\"https:\/\/macedogalvao.com.br\/?p=72\"><\/a>\n\t<meta itemscope itemprop=\"mainEntityOfPage\" itemtype=\"https:\/\/schema.org\/WebPage\" itemid=\"https:\/\/macedogalvao.com.br\/?p=72\" content=\"JORNADA DE 18 HORAS INFORMADA POR CARRETEIRO \u00c9 CONSIDERADA INVEROSS\u00cdMIL\" \/><meta itemprop=\"datePublished\" content=\"2021-05-06\" \/><meta itemprop=\"dateModified\" content=\"2021-05-06\" \/><meta itemprop=\"name\" content=\"Macedo, Galv\u00e3o e Associados\"\/><meta itemprop=\"url\" content=\"https:\/\/macedogalvao.com.br\/?author=1\" \/><meta itemprop=\"name\" content=\"suporte_krho7ju1\" \/><meta itemprop=\"url\" content=\"https:\/\/macedogalvao.com.br\/wp-content\/uploads\/2021\/05\/blog-img.jpg\" \/><meta itemprop=\"width\" content=\"868\" \/><meta itemprop=\"height\" content=\"442\" \/><meta itemprop=\"interactionType\" content=\"http:\/\/schema.org\/CommentAction\" \/><meta itemprop=\"userInteractionCount\" content=\"0\" \/>\n\t\t\t\t<img loading=\"lazy\" decoding=\"async\" src=\"https:\/\/macedogalvao.com.br\/wp-content\/uploads\/2021\/05\/blog-img.jpg\" alt=\"blog-img\" itemprop=\"image\" data-no-lazy=\"1\" height=\"442\" width=\"868\" title=\"blog-img\" onerror=\"this.style.display='none'\"  \/>\n        maio\n        06\n\t\t\t\t\t\t\t<h4 itemprop=\"headline\">\n\t\t\t\t\t\t\t\t\t\t\t\tJORNADA DE 18 HORAS INFORMADA POR CARRETEIRO \u00c9 CONSIDERADA INVEROSS\u00cdMIL\t\t\t\t\t\t\t\t\t<\/h4>\n\t\t\t<a href=\"https:\/\/macedogalvao.com.br\/?p=70\"><\/a>\n\t<meta itemscope itemprop=\"mainEntityOfPage\" itemtype=\"https:\/\/schema.org\/WebPage\" itemid=\"https:\/\/macedogalvao.com.br\/?p=70\" content=\"NOTIFICA\u00c7\u00c3O ENVIADA PARA ENDERE\u00c7O INCORRETO AFASTA REVELIA DE EMPRESA\" \/><meta itemprop=\"datePublished\" content=\"2021-05-06\" \/><meta itemprop=\"dateModified\" content=\"2021-05-06\" \/><meta itemprop=\"name\" content=\"Macedo, Galv\u00e3o e Associados\"\/><meta itemprop=\"url\" content=\"https:\/\/macedogalvao.com.br\/?author=1\" \/><meta itemprop=\"name\" content=\"suporte_krho7ju1\" \/><meta itemprop=\"url\" content=\"https:\/\/macedogalvao.com.br\/wp-content\/uploads\/2021\/05\/blog-img.jpg\" \/><meta itemprop=\"width\" content=\"868\" \/><meta itemprop=\"height\" content=\"442\" \/><meta itemprop=\"interactionType\" content=\"http:\/\/schema.org\/CommentAction\" \/><meta itemprop=\"userInteractionCount\" content=\"0\" \/>\n\t\t\t\t<img loading=\"lazy\" decoding=\"async\" src=\"https:\/\/macedogalvao.com.br\/wp-content\/uploads\/2021\/05\/blog-img.jpg\" alt=\"blog-img\" itemprop=\"image\" data-no-lazy=\"1\" height=\"442\" width=\"868\" title=\"blog-img\" onerror=\"this.style.display='none'\"  \/>\n        maio\n        06\n\t\t\t\t\t\t\t<h4 itemprop=\"headline\">\n\t\t\t\t\t\t\t\t\t\t\t\tNOTIFICA\u00c7\u00c3O ENVIADA PARA ENDERE\u00c7O INCORRETO AFASTA REVELIA DE EMPRESA\t\t\t\t\t\t\t\t\t<\/h4>\n\t\t\t<a href=\"https:\/\/macedogalvao.com.br\/?p=68\"><\/a>\n\t<meta itemscope itemprop=\"mainEntityOfPage\" itemtype=\"https:\/\/schema.org\/WebPage\" itemid=\"https:\/\/macedogalvao.com.br\/?p=68\" content=\"INFORMATIVO 45 \/ 2019\" \/><meta itemprop=\"datePublished\" content=\"2021-05-06\" \/><meta itemprop=\"dateModified\" content=\"2021-05-06\" \/><meta itemprop=\"name\" content=\"Macedo, Galv\u00e3o e Associados\"\/><meta itemprop=\"url\" content=\"https:\/\/macedogalvao.com.br\/?author=1\" \/><meta itemprop=\"name\" content=\"suporte_krho7ju1\" \/><meta itemprop=\"url\" content=\"https:\/\/macedogalvao.com.br\/wp-content\/uploads\/2021\/05\/blog-img.jpg\" \/><meta itemprop=\"width\" content=\"868\" \/><meta itemprop=\"height\" content=\"442\" \/><meta itemprop=\"interactionType\" content=\"http:\/\/schema.org\/CommentAction\" \/><meta itemprop=\"userInteractionCount\" content=\"0\" \/>\n\t\t\t\t<img loading=\"lazy\" decoding=\"async\" src=\"https:\/\/macedogalvao.com.br\/wp-content\/uploads\/2021\/05\/blog-img.jpg\" alt=\"blog-img\" itemprop=\"image\" data-no-lazy=\"1\" height=\"442\" width=\"868\" title=\"blog-img\" onerror=\"this.style.display='none'\"  \/>\n        maio\n        06\n\t\t\t\t\t\t\t<h4 itemprop=\"headline\">\n\t\t\t\t\t\t\t\t\t\t\t\tINFORMATIVO 45 \/ 2019\t\t\t\t\t\t\t\t\t<\/h4>\n\t\t\t<a href=\"https:\/\/macedogalvao.com.br\/?p=65\"><\/a>\n\t<meta itemscope itemprop=\"mainEntityOfPage\" itemtype=\"https:\/\/schema.org\/WebPage\" itemid=\"https:\/\/macedogalvao.com.br\/?p=65\" content=\"INFORMATIVO 46 \/ 2019\" \/><meta itemprop=\"datePublished\" content=\"2021-05-06\" \/><meta itemprop=\"dateModified\" content=\"2021-05-06\" \/><meta itemprop=\"name\" content=\"Macedo, Galv\u00e3o e Associados\"\/><meta itemprop=\"url\" content=\"https:\/\/macedogalvao.com.br\/?author=1\" \/><meta itemprop=\"name\" content=\"suporte_krho7ju1\" \/><meta itemprop=\"url\" content=\"https:\/\/macedogalvao.com.br\/wp-content\/uploads\/2021\/05\/blog-img.jpg\" \/><meta itemprop=\"width\" content=\"868\" \/><meta itemprop=\"height\" content=\"442\" \/><meta itemprop=\"interactionType\" content=\"http:\/\/schema.org\/CommentAction\" \/><meta itemprop=\"userInteractionCount\" content=\"0\" \/>\n\t\t\t\t<img loading=\"lazy\" decoding=\"async\" src=\"https:\/\/macedogalvao.com.br\/wp-content\/uploads\/2021\/05\/blog-img.jpg\" alt=\"blog-img\" itemprop=\"image\" data-no-lazy=\"1\" height=\"442\" width=\"868\" title=\"blog-img\" onerror=\"this.style.display='none'\"  \/>\n        maio\n        06\n\t\t\t\t\t\t\t<h4 itemprop=\"headline\">\n\t\t\t\t\t\t\t\t\t\t\t\tINFORMATIVO 46 \/ 2019\t\t\t\t\t\t\t\t\t<\/h4>\n\n","protected":false},"excerpt":{"rendered":"<p>NOT\u00cdCIAS maio 06 A REFORMA TRABALHISTA E O DIREITO INTERTEMPORAL NA VIS\u00c3O DO STF maio 06 MIN. BRAND\u00c3O: IMPACTOS DA REFORMA NA JURISPRUD\u00caNCIA DO TST maio 06 TST MODULA OBRIGA\u00c7\u00c3O DE DONO DE OBRA A RESPONDER POR DIREITOS DE TERCEIRIZADOS maio 06 TST &#8211; SUPERVISOR QUE USAVA CARRO FORNECIDO PELA EMPRESA N\u00c3O RECEBER\u00c1 HORAS DE&hellip;<\/p>\n","protected":false},"author":1,"featured_media":0,"parent":0,"menu_order":0,"comment_status":"closed","ping_status":"closed","template":"","meta":{"footnotes":""},"_links":{"self":[{"href":"https:\/\/macedogalvao.com.br\/index.php?rest_route=\/wp\/v2\/pages\/86"}],"collection":[{"href":"https:\/\/macedogalvao.com.br\/index.php?rest_route=\/wp\/v2\/pages"}],"about":[{"href":"https:\/\/macedogalvao.com.br\/index.php?rest_route=\/wp\/v2\/types\/page"}],"author":[{"embeddable":true,"href":"https:\/\/macedogalvao.com.br\/index.php?rest_route=\/wp\/v2\/users\/1"}],"replies":[{"embeddable":true,"href":"https:\/\/macedogalvao.com.br\/index.php?rest_route=%2Fwp%2Fv2%2Fcomments&post=86"}],"version-history":[{"count":2,"href":"https:\/\/macedogalvao.com.br\/index.php?rest_route=\/wp\/v2\/pages\/86\/revisions"}],"predecessor-version":[{"id":89,"href":"https:\/\/macedogalvao.com.br\/index.php?rest_route=\/wp\/v2\/pages\/86\/revisions\/89"}],"wp:attachment":[{"href":"https:\/\/macedogalvao.com.br\/index.php?rest_route=%2Fwp%2Fv2%2Fmedia&parent=86"}],"curies":[{"name":"wp","href":"https:\/\/api.w.org\/{rel}","templated":true}]}}